{"id":57,"date":"2014-09-22T08:52:36","date_gmt":"2014-09-22T08:52:36","guid":{"rendered":"http:\/\/lc014.ait.co.at\/?page_id=57"},"modified":"2014-10-06T11:02:36","modified_gmt":"2014-10-06T10:02:36","slug":"home","status":"publish","type":"page","link":"http:\/\/www.cscaustria.at\/","title":{"rendered":"Content Service Centre Austria"},"content":{"rendered":"<p>Das Konzept des Kulturservicezentrums, als Vermittlungs- und Informationsstelle zwischen Technologieanbietern, Softwareentwicklern und kulturellen Organisationen, entstammt dem EU-Projekt MOSAIC, Museums Over States And vIrtual Culture.<\/p>\n<p>In \u00d6sterreich erfolgte im Juni 1998 die Gr\u00fcndung des ersten so gestalteten Kulturservicezentrums, CSC &#8211; Cultural Service Centre Austria, als gemeinn\u00fctziger Verein.<\/p>\n<p>Aufgrund der Erweiterung des Leistungsangebots in den Jahren nach der Gr\u00fcndung \u00e4nderte das Servicezentrum im Sommer 2004 seinen Namen auf <strong>Content Service Centre Austria<\/strong>.<\/p>\n<ul>\n<li>Vereinsziel ist die Entwicklung von Konzepten, elektronischen Dienstleistungen und Produkten f\u00fcr einen ma\u00dfgeschneiderten und unkomplizierten <em>Einsatz neuer Informationstechnologien<\/em> in Galerien, Archiven, Museen, Bibliotheken und \u00e4hnlich gearteten Einrichtungen. Au\u00dferdem bietet das CSC Austria Beratungen, Vortr\u00e4ge und Veranstaltungen zu den Themen<em> digitale Aufbereitung, Verbreitung und Vernetzung kulturellen Erbes<\/em> und digitaler Inhalte.<\/li>\n<\/ul>\n<hr \/>\n<p>&nbsp;<\/p>\n","protected":false},"excerpt":{"rendered":"<p>Das Konzept des Kulturservicezentrums, als Vermittlungs- und Informationsstelle zwischen Technologieanbietern, Softwareentwicklern und kulturellen Organisationen, entstammt dem EU-Projekt MOSAIC, Museums Over States And vIrtual Culture. In \u00d6sterreich erfolgte im Juni 1998 die Gr\u00fcndung des ersten so gestalteten Kulturservicezentrums, CSC &#8211; Cultural &hellip; <a href=\"http:\/\/www.cscaustria.at\/\">Continued<\/a><\/p>\n","protected":false},"author":3,"featured_media":31,"parent":0,"menu_order":0,"comment_status":"closed","ping_status":"open","template":"","meta":{"footnotes":""},"_links":{"self":[{"href":"http:\/\/www.cscaustria.at\/index.php?rest_route=\/wp\/v2\/pages\/57"}],"collection":[{"href":"http:\/\/www.cscaustria.at\/index.php?rest_route=\/wp\/v2\/pages"}],"about":[{"href":"http:\/\/www.cscaustria.at\/index.php?rest_route=\/wp\/v2\/types\/page"}],"author":[{"embeddable":true,"href":"http:\/\/www.cscaustria.at\/index.php?rest_route=\/wp\/v2\/users\/3"}],"replies":[{"embeddable":true,"href":"http:\/\/www.cscaustria.at\/index.php?rest_route=%2Fwp%2Fv2%2Fcomments&post=57"}],"version-history":[{"count":19,"href":"http:\/\/www.cscaustria.at\/index.php?rest_route=\/wp\/v2\/pages\/57\/revisions"}],"predecessor-version":[{"id":171,"href":"http:\/\/www.cscaustria.at\/index.php?rest_route=\/wp\/v2\/pages\/57\/revisions\/171"}],"wp:featuredmedia":[{"embeddable":true,"href":"http:\/\/www.cscaustria.at\/index.php?rest_route=\/wp\/v2\/media\/31"}],"wp:attachment":[{"href":"http:\/\/www.cscaustria.at\/index.php?rest_route=%2Fwp%2Fv2%2Fmedia&parent=57"}],"curies":[{"name":"wp","href":"https:\/\/api.w.org\/{rel}","templated":true}]}}