{"id":8,"date":"2014-09-18T13:55:29","date_gmt":"2014-09-18T13:55:29","guid":{"rendered":"http:\/\/lc014.ait.co.at\/?page_id=8"},"modified":"2015-03-04T11:01:09","modified_gmt":"2015-03-04T10:01:09","slug":"openup","status":"publish","type":"page","link":"http:\/\/www.cscaustria.at\/?page_id=8","title":{"rendered":"Services"},"content":{"rendered":"<p><strong>Dienstleistungen f\u00fcr kulturelle und wissenschaftliche Einrichtungen<\/strong><\/p>\n<p>Kulturelle und wissenschaftliche Organisationen verf\u00fcgen \u00fcber wertvolle dokumentarische Inhalte (Katalogdaten, Texte, Medienobjekte etc.) die einerseits aufgrund von Ressourcenmangel, andererseits aber wegen Unsicherheit in Bezug auf die bestm\u00f6gliche nachhaltige elektronische Erfassung und Verwertung nicht bearbeitet werden. Dies verhindert oder verz\u00f6gert eine Ver\u00f6ffentlichung der Information im Internet, oder eine Anbindung an internationale Netzwerke f\u00fcr Forschung, Bildung und Tourismus.<\/p>\n<p>Auf Basis unserer langj\u00e4hrigen Besch\u00e4ftigung mit den Themenkreisen <em>Dokumentation und Kultur<\/em>, sowie der Beteiligung an internationalen EU-Projekten sind wir unseren Kunden ein versierter und verl\u00e4sslicher Partner in der Umsetzung von webbasierten Datenbankl\u00f6sungen und Digitalisierungsprojekten.<\/p>\n<p><strong>Unser Portfolio:<\/strong><\/p>\n<ul>\n<li>Aufbau von elektronischen Katalogen<\/li>\n<li>Import von bestehenden elektronischen Daten (Migration von Altdaten)<\/li>\n<li>Aufbau von verteilten Suchdiensten<\/li>\n<li>Database-Hosting f\u00fcr Bibliotheken, Museen und Archive<\/li>\n<li>Kooperativer Aufbau von Thesauren und Wissensnetzwerken (Visualisierung mittels Topic Maps)<\/li>\n<li>Beratung rund um den Einsatz internationaler Standards (Kulturerbe)<\/li>\n<li>Aufbau von digitalen Best\u00e4nden, digitalen Bibliotheken<\/li>\n<li>Erzeugen von Metadaten\/Katalogdaten<\/li>\n<li>Mailingliste &#8220;cultivate&#8221;<\/li>\n<li>Unterst\u00fctzung und Hilfe bei der Antragstellung, Vorbereitung und Durchf\u00fchrung von EU Projekten mit Kulturbezug<\/li>\n<\/ul>\n<p><a title=\"CSC Austria Informationsblatt\" href=\"http:\/\/www.cscaustria.at\/wp-content\/uploads\/2015\/03\/FP_CSC_1501-folder.pdf\">Informationsblatt (Deutsch)<\/a><\/p>\n<p><a title=\"Information Folder\" href=\"http:\/\/lc014.ait.co.at\/wp-content\/uploads\/2014\/09\/CSC-Austria-Graz-engl-2014.pdf\" target=\"_blank\">Information folder (English)<\/a><\/p>\n<p><a title=\"Webarchiv\" href=\"http:\/\/lc014.ait.co.at\/?page_id=104\">Archiv<\/a><\/p>\n<p>&nbsp;<\/p>\n","protected":false},"excerpt":{"rendered":"<p>Dienstleistungen f\u00fcr kulturelle und wissenschaftliche Einrichtungen Kulturelle und wissenschaftliche Organisationen verf\u00fcgen \u00fcber wertvolle dokumentarische Inhalte (Katalogdaten, Texte, Medienobjekte etc.) die einerseits aufgrund von Ressourcenmangel, andererseits aber wegen Unsicherheit in Bezug auf die bestm\u00f6gliche nachhaltige elektronische Erfassung und Verwertung nicht bearbeitet &hellip; <a href=\"http:\/\/www.cscaustria.at\/?page_id=8\">Continued<\/a><\/p>\n","protected":false},"author":3,"featured_media":0,"parent":0,"menu_order":0,"comment_status":"closed","ping_status":"open","template":"","meta":{"footnotes":""},"_links":{"self":[{"href":"http:\/\/www.cscaustria.at\/index.php?rest_route=\/wp\/v2\/pages\/8"}],"collection":[{"href":"http:\/\/www.cscaustria.at\/index.php?rest_route=\/wp\/v2\/pages"}],"about":[{"href":"http:\/\/www.cscaustria.at\/index.php?rest_route=\/wp\/v2\/types\/page"}],"author":[{"embeddable":true,"href":"http:\/\/www.cscaustria.at\/index.php?rest_route=\/wp\/v2\/users\/3"}],"replies":[{"embeddable":true,"href":"http:\/\/www.cscaustria.at\/index.php?rest_route=%2Fwp%2Fv2%2Fcomments&post=8"}],"version-history":[{"count":21,"href":"http:\/\/www.cscaustria.at\/index.php?rest_route=\/wp\/v2\/pages\/8\/revisions"}],"predecessor-version":[{"id":214,"href":"http:\/\/www.cscaustria.at\/index.php?rest_route=\/wp\/v2\/pages\/8\/revisions\/214"}],"wp:attachment":[{"href":"http:\/\/www.cscaustria.at\/index.php?rest_route=%2Fwp%2Fv2%2Fmedia&parent=8"}],"curies":[{"name":"wp","href":"https:\/\/api.w.org\/{rel}","templated":true}]}}